{"id":128,"date":"2026-01-21T11:40:18","date_gmt":"2026-01-21T11:40:18","guid":{"rendered":"https:\/\/fac3less.de\/start\/"},"modified":"2026-02-17T18:14:01","modified_gmt":"2026-02-17T18:14:01","slug":"start","status":"publish","type":"page","link":"https:\/\/fac3less.de\/en\/","title":{"rendered":"Startseite &#8211; Mainpage"},"content":{"rendered":"<div class=\"wp-block-columns is-layout-flex wp-container-core-columns-is-layout-28f84493 wp-block-columns-is-layout-flex\">\n<div class=\"wp-block-column is-layout-flow wp-block-column-is-layout-flow\" style=\"flex-basis:100%\"><\/div>\n<\/div>\n\n\n\n<div class=\"wp-block-group alignfull is-style-ext-preset--group--natural-1--section has-background-background-color has-background has-global-padding is-layout-constrained wp-container-core-group-is-layout-e955bbaf wp-block-group-is-layout-constrained\" id=\"funktionen\" style=\"margin-top:0;margin-bottom:0;padding-top:var(--wp--preset--spacing--70);padding-bottom:var(--wp--preset--spacing--70)\">\n<div class=\"wp-block-columns alignwide is-layout-flex wp-container-core-columns-is-layout-08c01c1c wp-block-columns-is-layout-flex\">\n<div class=\"wp-block-column is-layout-flow wp-block-column-is-layout-flow\">\n<figure class=\"wp-block-image size-large\"><img loading=\"lazy\" decoding=\"async\" width=\"810\" height=\"1024\" src=\"https:\/\/fac3less.de\/wp-content\/uploads\/2026\/02\/Fac3less-4-810x1024.png\" alt=\"\" class=\"wp-image-1650\" srcset=\"https:\/\/fac3less.de\/wp-content\/uploads\/2026\/02\/Fac3less-4-810x1024.png 810w, https:\/\/fac3less.de\/wp-content\/uploads\/2026\/02\/Fac3less-4-237x300.png 237w, https:\/\/fac3less.de\/wp-content\/uploads\/2026\/02\/Fac3less-4-768x971.png 768w, https:\/\/fac3less.de\/wp-content\/uploads\/2026\/02\/Fac3less-4-1215x1536.png 1215w, https:\/\/fac3less.de\/wp-content\/uploads\/2026\/02\/Fac3less-4-9x12.png 9w, https:\/\/fac3less.de\/wp-content\/uploads\/2026\/02\/Fac3less-4.png 1270w\" sizes=\"auto, (max-width: 810px) 100vw, 810px\" \/><\/figure>\n<\/div>\n\n\n\n<div class=\"wp-block-column is-layout-flow wp-block-column-is-layout-flow\">\n<p>Diese Seite befindet sich \u00dcberarbeitungsmodus und ist zur Zeit nicht erreichbar.<\/p>\n\n\n\n<p><strong>Sie befinden sich hier NICHT auf der Original Firmenseite von fac3less.com<\/strong><\/p>\n\n\n\n<p>Wir arbeiten daran diese Seite wieder schnellstm\u00f6glich online zu stellen<\/p>\n\n\n\n<p>Diese ist eine deutsche Informations &#8211; und Promotion Seite die Ihnen nach dem \u00dcberarbeitungsmodus helfen soll unabh\u00e4ngig und frei von politischen Einfl\u00fcssen ihr Leben zu gestalten.<\/p>\n\n\n\n<p>fac3less.de, den 17.02.2026<\/p>\n\n\n\n<p><strong>Bitte haben sie etwas Geduld<\/strong><\/p>\n<\/div>\n\n\n\n<div class=\"wp-block-column is-layout-flow wp-block-column-is-layout-flow\">\n<h4 class=\"wp-block-heading\">Wir vertreten einen freien Umgang mit Chancen.<\/h4>\n\n\n\n<p>Die Bank hat ihre eigenen Debitkarten und befindet sich ausserhalb Europas. Diese Karten kann niemand sperren, was leider hier t\u00e4glich in Europa passiert. SIE sagen das passiert nicht &#8211; Das ist eine gro\u00dfe L\u00fcge. SIE sagen der digitale Euro ist notwendig. Auch das ist gelogen. Der digitale Euro ist Software und Software k\u00f6nnen sie programmieren. Menschen L\u00fcgen &#8211; der Code nicht. Sie wollen an deine Freiheit und deine Selbstbestimmung. Das wird der gr\u00f6\u00dfte Raubzug der Geschichte und SIE denken das die Schafe IHNEN hinterherlaufen. Doch wir sind schlauer geworden und glauben schon lange nicht mehr was und von OBEN erz\u00e4hlt wird. Es kommen st\u00fcrmische Zeiten, die nicht besser werden, seid wachsam und gewarnt.<\/p>\n<\/div>\n<\/div>\n<\/div>\n\n\n\n<div class=\"wp-block-group alignfull is-style-ext-preset--group--natural-1--section has-tertiary-background-color has-background has-global-padding is-layout-constrained wp-block-group-is-layout-constrained\" id=\"kontakt\" style=\"margin-top:0;margin-bottom:0;padding-top:var(--wp--preset--spacing--70);padding-bottom:var(--wp--preset--spacing--70)\"><\/div>","protected":false},"excerpt":{"rendered":"<p>Diese Seite befindet sich \u00dcberarbeitungsmodus und ist zur Zeit nicht erreichbar. Sie befinden sich hier NICHT auf der Original Firmenseite von fac3less.com Wir arbeiten daran diese Seite wieder schnellstm\u00f6glich online zu stellen Diese ist eine deutsche Informations &#8211; und Promotion Seite die Ihnen nach dem \u00dcberarbeitungsmodus helfen soll unabh\u00e4ngig und frei von politischen Einfl\u00fcssen ihr [&hellip;]<\/p>\n","protected":false},"author":1,"featured_media":0,"parent":0,"menu_order":0,"comment_status":"closed","ping_status":"closed","template":"no-title","meta":{"footnotes":"[]"},"class_list":["post-128","page","type-page","status-publish","hentry"],"_links":{"self":[{"href":"https:\/\/fac3less.de\/en\/wp-json\/wp\/v2\/pages\/128","targetHints":{"allow":["GET"]}}],"collection":[{"href":"https:\/\/fac3less.de\/en\/wp-json\/wp\/v2\/pages"}],"about":[{"href":"https:\/\/fac3less.de\/en\/wp-json\/wp\/v2\/types\/page"}],"author":[{"embeddable":true,"href":"https:\/\/fac3less.de\/en\/wp-json\/wp\/v2\/users\/1"}],"replies":[{"embeddable":true,"href":"https:\/\/fac3less.de\/en\/wp-json\/wp\/v2\/comments?post=128"}],"version-history":[{"count":1152,"href":"https:\/\/fac3less.de\/en\/wp-json\/wp\/v2\/pages\/128\/revisions"}],"predecessor-version":[{"id":1764,"href":"https:\/\/fac3less.de\/en\/wp-json\/wp\/v2\/pages\/128\/revisions\/1764"}],"wp:attachment":[{"href":"https:\/\/fac3less.de\/en\/wp-json\/wp\/v2\/media?parent=128"}],"curies":[{"name":"wp","href":"https:\/\/api.w.org\/{rel}","templated":true}]}}